{"id":10,"date":"2018-10-02T12:27:08","date_gmt":"2018-10-02T12:27:08","guid":{"rendered":"http:\/\/gabrielstreif.de\/?page_id=10"},"modified":"2022-11-10T12:27:42","modified_gmt":"2022-11-10T12:27:42","slug":"about-me","status":"publish","type":"page","link":"https:\/\/gabrielstreif.de\/?page_id=10","title":{"rendered":"about me"},"content":{"rendered":"<div class=\"style-214 style-local-10-c1 position-relative\" data-colibri-id=\"10-c1\">\n<div id=\"initial-content\" class=\"h-section h-section-global-spacing d-flex align-items-lg-center align-items-md-center align-items-center style-215 style-local-10-c2 position-relative\" data-colibri-component=\"section\" data-colibri-id=\"10-c2\">\n<div class=\"h-section-grid-container h-section-boxed-container\">\n<div class=\"h-row-container gutters-row-lg-2 gutters-row-md-2 gutters-row-0 gutters-row-v-lg-2 gutters-row-v-md-2 gutters-row-v-2 style-216 style-local-10-c3 position-relative\" data-colibri-id=\"10-c3\">\n<div>\n<div data-colibri-id=\"10-c4\">\n<div data-colibri-id=\"10-c5\">\u00a0<\/div>\n<\/div>\n<\/div>\n<div class=\"h-row justify-content-lg-center justify-content-md-center justify-content-center align-items-lg-stretch align-items-md-stretch align-items-stretch gutters-col-lg-2 gutters-col-md-2 gutters-col-0 gutters-col-v-lg-2 gutters-col-v-md-2 gutters-col-v-2\">\n<div class=\"h-column h-column-container d-flex h-col-lg-auto h-col-md-auto h-col-auto style-217-outer style-local-10-c4-outer\">\n<div class=\"d-flex h-flex-basis h-column__inner h-px-lg-2 h-px-md-2 h-px-2 v-inner-lg-2 v-inner-md-2 v-inner-2 style-217 style-local-10-c4 position-relative\" data-colibri-id=\"10-c4\">\n<div class=\"w-100 h-y-container h-column__content h-column__v-align flex-basis-100 align-self-lg-start align-self-md-start align-self-start\">\n<div class=\"style-218 style-local-10-c5 position-relative h-element\" data-colibri-id=\"10-c5\">\n<div>\n<p>\u201eDie M\u00f6glichkeit, fremde Kulturen zu erleben, au\u00dfergew\u00f6hnliche Momente, Emotionen sowie Geschichten spannender Charaktere oder einzigartiger Umgebungen durch die Kamera bildstark zu erz\u00e4hlen, begeistert mich jeden Tag aufs Neue.<br \/>Das kreative Arbeiten, ob im gro\u00dfen Team oder in kleiner Besetzung mit modernster Technik, ist mir dabei sehr wichtig. Ich blicke inzwischen auf Dreherfahrungen bei TV- und Imageproduktionen in \u00fcber 60 L\u00e4ndern dieser Welt zur\u00fcck.<br \/>Von der W\u00fcste in Kenia, dem Dschungel in Papua Neuguinea oder der eisigen K\u00e4lte in Sibirien, vom Dreh auf dem Schiff bis zu felsigen W\u00e4nden in den Bergen. Diese Erfahrungen, das technische Know-how und meine Leidenschaft f\u00fcrs Detail bringe ich f\u00fcr jeden Dreh mit.\u201c<\/p>\n<h5><strong>Ausbildung:<\/strong><\/h5>\n<ul>\n<li>seit 2010 selbst\u00e4ndiger Kameramann<\/li>\n<li>2004 &#8211; 2010\u00a0 Festanstellung Mediengestalter Bild und Ton \/ B.O.A. Videofilmkunst<\/li>\n<li>2002 &#8211; 2004\u00a0 Ausbildung Mediengestalter Bild und Ton \/ B.O.A. Videofilmkunst<\/li>\n<\/ul>\n<h5>\u00a0<\/h5>\n<h5><strong>Sprachen und Sonstiges:<\/strong><\/h5>\n<ul>\n<li>Englisch, Franz\u00f6sisch, Presseausweis<\/li>\n<\/ul>\n<\/div>\n<\/div>\n<\/div>\n<\/div>\n<\/div>\n<\/div>\n<\/div>\n<\/div>\n<\/div>\n<\/div>\n\n\n<p><\/p>\n","protected":false},"excerpt":{"rendered":"<p>\u00a0 \u201eDie M\u00f6glichkeit, fremde Kulturen zu erleben, au\u00dfergew\u00f6hnliche Momente, Emotionen sowie Geschichten spannender Charaktere oder einzigartiger Umgebungen durch die Kamera bildstark zu erz\u00e4hlen, begeistert mich jeden Tag aufs Neue.Das kreative Arbeiten, ob im gro\u00dfen Team oder in kleiner Besetzung mit modernster Technik, ist mir dabei sehr wichtig. Ich blicke inzwischen auf Dreherfahrungen bei TV- und [&hellip;]<\/p>\n","protected":false},"author":1,"featured_media":0,"parent":0,"menu_order":0,"comment_status":"closed","ping_status":"closed","template":"page-templates\/full-width-page.php","meta":[],"_links":{"self":[{"href":"https:\/\/gabrielstreif.de\/index.php?rest_route=\/wp\/v2\/pages\/10"}],"collection":[{"href":"https:\/\/gabrielstreif.de\/index.php?rest_route=\/wp\/v2\/pages"}],"about":[{"href":"https:\/\/gabrielstreif.de\/index.php?rest_route=\/wp\/v2\/types\/page"}],"author":[{"embeddable":true,"href":"https:\/\/gabrielstreif.de\/index.php?rest_route=\/wp\/v2\/users\/1"}],"replies":[{"embeddable":true,"href":"https:\/\/gabrielstreif.de\/index.php?rest_route=%2Fwp%2Fv2%2Fcomments&post=10"}],"version-history":[{"count":28,"href":"https:\/\/gabrielstreif.de\/index.php?rest_route=\/wp\/v2\/pages\/10\/revisions"}],"predecessor-version":[{"id":5819,"href":"https:\/\/gabrielstreif.de\/index.php?rest_route=\/wp\/v2\/pages\/10\/revisions\/5819"}],"wp:attachment":[{"href":"https:\/\/gabrielstreif.de\/index.php?rest_route=%2Fwp%2Fv2%2Fmedia&parent=10"}],"curies":[{"name":"wp","href":"https:\/\/api.w.org\/{rel}","templated":true}]}}