{"id":5371,"date":"2022-02-18T17:44:22","date_gmt":"2022-02-18T17:44:22","guid":{"rendered":"http:\/\/gabrielstreif.de\/?page_id=5371"},"modified":"2024-04-23T19:08:56","modified_gmt":"2024-04-23T19:08:56","slug":"filmographie-2","status":"publish","type":"page","link":"https:\/\/gabrielstreif.de\/?page_id=5371","title":{"rendered":"filmographie"},"content":{"rendered":"\n<p>Auswahl an Projekten:<\/p>\n\n\n\n<p><strong>2024<\/strong><\/p>\n\n\n\n<ul>\n<li>Bayern erleben &#8211; Ja, Servus! Treffen auf dem Autohof (Reportage, 45 min, BR, Maximusfilm)<\/li>\n\n\n\n<li>Der Schmidt Max auf der Suche: nach der Zeit (Reportage, 45 min, BR, South&amp;Browse)<\/li>\n<\/ul>\n\n\n\n<p><strong>2023<\/strong><\/p>\n\n\n\n<ul>\n<li>Boot Camp f\u00fcr die Ehe (Doku, 27 min, ZDF 37\u00b0 Leben, Co Kamera mit Felix Meier, Marcvsfilm)<\/li>\n\n\n\n<li>BRAUN &#8211; barber tutorials (social media content, Brandzeichen)<\/li>\n\n\n\n<li>Helden liefern ab (diverse Beitr\u00e4ge, Reportage, DMAX, Janus Productions)<\/li>\n\n\n\n<li>diverse Magazinbeitr\u00e4ge Galileo (pro7, South&amp;Browse, Maximusfilm)<\/li>\n\n\n\n<li>The Taste (Show, sat1, RedSeven)&nbsp;<\/li>\n<\/ul>\n\n\n\n<p><strong>2022<\/strong><\/p>\n\n\n\n<ul>\n<li>Das munich game &#8211; der football hype in Deutschland (Doku, 45 min, ransport)   <\/li>\n\n\n\n<li>Zervakis und Opdenh\u00f6vel (div Magazinbeitr\u00e4ge, sat1, South&amp;Browse)<\/li>\n\n\n\n<li>BRAUN &#8211; barber tutorials (social media content, Brandzeichen)<\/li>\n\n\n\n<li>Grillen mit Ali und Adnan (Doku, BR, 4 Folgen, 2. Kamera, YallaProductions)<\/li>\n\n\n\n<li>The Taste (Show, sat1, RedSeven)&nbsp;<\/li>\n\n\n\n<li>diverse Magazinbeitr\u00e4ge Galileo (South&amp;Browse, Maximusfilm) &nbsp;<\/li>\n<\/ul>\n\n\n\n<p><strong>2021<\/strong><\/p>\n\n\n\n<ul>\n<li>Grillen mit Ali und Adnan (Doku, BR 4 Folgen, 2. Kamera, YallaProductions)<\/li>\n\n\n\n<li>Deutschlands gr\u00f6\u00dfte Geheimnisse (diverse Beitr\u00e4ge, Kabel 1, Spiegel TV)<\/li>\n\n\n\n<li>Smart Factory Lab (Image Film, 16 min, ProGlove)<\/li>\n\n\n\n<li>Neustart in die Zukunft &#8211; TerraXpress (27 min, ZDF, Co Kamera, GoFilm)&nbsp;<\/li>\n\n\n\n<li>The Taste (Show und Portraits Gastjuroren, sat1, RedSeven)<\/li>\n\n\n\n<li>diverse Magazinbeitr\u00e4ge Galileo (South&amp;Browse, Maximusfilm) &nbsp;                                          <\/li>\n<\/ul>\n\n\n\n<p><strong>2020<\/strong><\/p>\n\n\n\n<ul>\n<li>Mordfall Peggy: der M\u00f6rder ist noch unter uns (Doku, sat1, 98 min, South&amp;Browse)<\/li>\n\n\n\n<li>Akte Spezial \u2013 Entf\u00fchrt (Reportage, sat 1, South&amp;Browse)&nbsp; &nbsp;<\/li>\n\n\n\n<li>The Taste &#8211; (Show und Gastjurorenportaits, sat1, RedSeven) &nbsp;<\/li>\n<\/ul>\n\n\n\n<p><strong>2019<\/strong><\/p>\n\n\n\n<ul>\n<li>Das Ph\u00e4nomen Anselm Gr\u00fcn (Doku, ZDF, 45 min, Co Kamera, MarcvsFilm)<\/li>\n\n\n\n<li>BMW \u2013 Future Logistics (Image Film, Gabor Br\u00fcning Produktion)<\/li>\n\n\n\n<li>Mit Markus Lanz in der ewigen Stadt \u2013 Rom (Doku, 60 min, ZDF, Kimmig Entertainment)<\/li>\n\n\n\n<li>Highspeed Baustellen: Oktoberfest (Doku, 48 min, welt, Maximus Film)<\/li>\n\n\n\n<li>Armes Huhn \u2013 armer Mensch . Vom Fr\u00fchst\u00fccksei zur Wirtschaftsflucht (Doku, 75 min, arte, TVnTV)&nbsp; &nbsp; &nbsp; &nbsp; &nbsp; &nbsp; &nbsp; &nbsp; &nbsp; &nbsp; &nbsp; &nbsp; &nbsp; &nbsp; &nbsp; &nbsp; &nbsp; &nbsp; &nbsp; &nbsp;<\/li>\n\n\n\n<li>Mega Manufacturers \u2013 Airbus Toulouse (Doku 48min, welt, Maximus Film)<\/li>\n\n\n\n<li>Galileo \u2013&nbsp; X days Rosen Kenia (16 min, Pro7, South&amp;Browse)<\/li>\n\n\n\n<li>Galileo&nbsp; \u2013 Stadt Land Welt \/&nbsp; Russland, Vietnam, Hawaii, Alaska (24 min, Pro7, Maximus Film)<\/li>\n<\/ul>\n\n\n\n<p><strong>2018<\/strong><\/p>\n\n\n\n<ul>\n<li>Markus Lanz \u2013 Begegnungen im Heiligen Land (Doku, 60 min, ZDF, Kimmig Entertainment)<\/li>\n\n\n\n<li>Geheimakte Otto Waalkes (Doku, 60 min, ZDF, Kimmig Entertainment)<\/li>\n\n\n\n<li>Olympische Winterspiele \u2013 Pyeong Chang (ServusTV)<\/li>\n<\/ul>\n\n\n\n<p><strong>2017<\/strong><\/p>\n\n\n\n<ul>\n<li>Markus Lanz \u2013 Begegnungen im Heiligen Land (Doku, 60 min, ZDF, Kimmig Entertainment)<\/li>\n\n\n\n<li>Reden \u00fcber Geld \u2013 Sven Hannawald (5 min,&nbsp;ZDF Wiso, Claus Eckert)<\/li>\n\n\n\n<li>ZDF Weihnachts Hits \u2013 D\u00fcrre in Kenia (Misereror Projektportrait, 5 min, Roman Farkas)<\/li>\n\n\n\n<li>The Taste \u2013 Nur der Geschmack z\u00e4hlt (Sat1, Koch Casting Show, Red Seven)<\/li>\n\n\n\n<li>Galileo Spezial \u2013 Choice of Germany (Interaktiver Film, 40 min,&nbsp;Pro7, Tape Film)<\/li>\n\n\n\n<li>Galileo \u2013 Sibirien Norilsk, dreckigste Stadt der Welt (15 min, Pro7, G\u00f6tterspeise Film)<\/li>\n\n\n\n<li>Galileo \u2013 Lobbyisten -Wieviel Macht haben sie wirklich? (15 min, Pro7, Larissa Kindt)<\/li>\n\n\n\n<li>Ein guter Grund zu Feiern \u2013 Andreas Korn trifft Andy Holzer (13min, ZDF, Marcus Kablitz)<\/li>\n\n\n\n<li>Mega Transports \u2013 Antonov (Doku, 50 min, History Channel, Maximus Film)<\/li>\n<\/ul>\n\n\n\n<p><strong>2016<\/strong><\/p>\n\n\n\n<ul>\n<li>Markus Lanz \u2013 Begegnungen im Heiligen Land (Doku 60 min, ZDF, Kimmig Entertainment)<\/li>\n\n\n\n<li>INSIDE \u2013Stefan G\u00f6dde in China (Doku 45 min, Pro7, Maximus Film)<\/li>\n\n\n\n<li>Olympische Sommerspiele&nbsp; \u2013 Rio de Janeiro (ServusTV)<\/li>\n\n\n\n<li>Off Limits mit Harro F\u00fcllgrabe (Outdoormagazin, Pro7Maxx, 45 min, Tape Film)<\/li>\n\n\n\n<li>BMW Motorrad \u2013 In the spotlight (4 min Imagefilm, Bavaria Film Interactive)<\/li>\n<\/ul>\n\n\n\n<p><strong>2015<\/strong><\/p>\n\n\n\n<ul>\n<li>ZDF Weihnachts Hits \u2013 Kinder in der Mongolei (BfdW Projektportrait, 5 min, Roman Farkas)<\/li>\n\n\n\n<li>Medizintourismus in der Ukraine (Doku 28 min, MDR, TVnTV)<\/li>\n\n\n\n<li>Galileo \u2013 diverse Auslandsreportagen weltweit (Pro7, Maximus Film)<\/li>\n<\/ul>\n\n\n\n<p><strong>2014<\/strong><\/p>\n\n\n\n<ul>\n<li>Die gef\u00e4hrlichsten Schulwege \u2013 Papua Neuguinea (Doku45 min, ARTE, Raphael Lauer)<\/li>\n\n\n\n<li>Spitzenk\u00f6che im Ikarus \u2013 Sendereihe mit Sternek\u00f6chen aus aller Welt (Servus TV)<\/li>\n\n\n\n<li>Hammerteile \u2013 Lotto gibt Gas, (Sendereihe DMAX, Maximus Film)<\/li>\n<\/ul>\n\n\n\n<p><strong>2013<\/strong><\/p>\n\n\n\n<ul>\n<li>Schrott im K\u00f6rper \u2013 Missbrauch von Medizinprodukten (Doku, ARTE, TVnTV))<\/li>\n\n\n\n<li>Klub Konkret \u2013 Reportage-\/Talkmagazin (EinsPlus, SMAC Media)<\/li>\n\n\n\n<li>Blind Climber Andy Holzer \u2013 The world in my hand, Portrait entstanden als Teilnehmer der E.O.F.T. Filmschool \/ GoreTex<\/li>\n<\/ul>\n\n\n\n<p><strong>2012<\/strong><\/p>\n\n\n\n<ul>\n<li>7 summits \u2013 Hans Kammerlander, Bergauf Bergab (Portrait 28 min, BR, Victor Grandits)<\/li>\n\n\n\n<li>Bergwelten \u2013 Gletscherh\u00f6hlen (Doku 50 min, Servus TV, Florian Richter)<\/li>\n\n\n\n<li>Center Fuselage Eurofighter \u2013 Fertigungsprozess (Imagefilm, 5 min, Gallo Communication)<\/li>\n<\/ul>\n\n\n\n<p><strong>2011<\/strong><\/p>\n\n\n\n<ul>\n<li>Schlemmerreise \u2013 Kulinarische Sendereihe (25 min, BR Werner Teufl)<\/li>\n\n\n\n<li>Kunstraum \u2013 Rita McBride: Mae West&nbsp; (Doku, 20 min \/ BR alpha, Peider A.Defilla)<\/li>\n<\/ul>\n\n\n\n<p><strong>2010<\/strong><\/p>\n\n\n\n<ul>\n<li>Musica Viva \u2013 Musik der Gegenwart (Sendereihe BR alpha, 15 min, Peider A. Defilla)<\/li>\n\n\n\n<li>B\u00e4ckstage Volksmusik \u2013 Sendereihe mit Blicken hinter die Kulissen (BR alpha, Peider A. Defilla)<\/li>\n<\/ul>\n\n\n\n<p><strong>2009<\/strong><\/p>\n\n\n\n<ul>\n<li>37\u00b0 \u2013 Halbg\u00f6tter in wei\u00df, abh\u00e4ngige \u00c4rzte (Doku, 45 min, ZDF, Victor Grandits)<\/li>\n\n\n\n<li>Ma vie \u2013 Roberto Saviano, Schriftsteller (Portrait, 40 min, ARTE, Victor Grandits)<\/li>\n<\/ul>\n","protected":false},"excerpt":{"rendered":"<p>Auswahl an Projekten: 2024 2023 2022 2021 2020 2019 2018 2017 2016 2015 2014 2013 2012 2011 2010 2009<\/p>\n","protected":false},"author":1,"featured_media":0,"parent":0,"menu_order":0,"comment_status":"closed","ping_status":"closed","template":"","meta":[],"_links":{"self":[{"href":"https:\/\/gabrielstreif.de\/index.php?rest_route=\/wp\/v2\/pages\/5371"}],"collection":[{"href":"https:\/\/gabrielstreif.de\/index.php?rest_route=\/wp\/v2\/pages"}],"about":[{"href":"https:\/\/gabrielstreif.de\/index.php?rest_route=\/wp\/v2\/types\/page"}],"author":[{"embeddable":true,"href":"https:\/\/gabrielstreif.de\/index.php?rest_route=\/wp\/v2\/users\/1"}],"replies":[{"embeddable":true,"href":"https:\/\/gabrielstreif.de\/index.php?rest_route=%2Fwp%2Fv2%2Fcomments&post=5371"}],"version-history":[{"count":10,"href":"https:\/\/gabrielstreif.de\/index.php?rest_route=\/wp\/v2\/pages\/5371\/revisions"}],"predecessor-version":[{"id":5850,"href":"https:\/\/gabrielstreif.de\/index.php?rest_route=\/wp\/v2\/pages\/5371\/revisions\/5850"}],"wp:attachment":[{"href":"https:\/\/gabrielstreif.de\/index.php?rest_route=%2Fwp%2Fv2%2Fmedia&parent=5371"}],"curies":[{"name":"wp","href":"https:\/\/api.w.org\/{rel}","templated":true}]}}